{"id":887,"date":"2020-02-28T07:28:32","date_gmt":"2020-02-28T06:28:32","guid":{"rendered":"http:\/\/migrationplus.ch\/formation\/"},"modified":"2025-11-13T16:20:32","modified_gmt":"2025-11-13T15:20:32","slug":"formation","status":"publish","type":"page","link":"https:\/\/migrationplus.ch\/fr\/formation\/","title":{"rendered":"Formation"},"content":{"rendered":"<p><div class=\"fusion-fullwidth fullwidth-box fusion-builder-row-1 fusion-flex-container nonhundred-percent-fullwidth non-hundred-percent-height-scrolling\" style=\"--awb-border-radius-top-left:0px;--awb-border-radius-top-right:0px;--awb-border-radius-bottom-right:0px;--awb-border-radius-bottom-left:0px;--awb-flex-wrap:wrap;\" ><div class=\"fusion-builder-row fusion-row fusion-flex-align-items-flex-start fusion-flex-content-wrap\" style=\"max-width:calc( 1100px + 0px );margin-left: calc(-0px \/ 2 );margin-right: calc(-0px \/ 2 );\"><div class=\"fusion-layout-column fusion_builder_column fusion-builder-column-0 fusion_builder_column_1_1 1_1 fusion-flex-column\" style=\"--awb-bg-size:cover;--awb-width-large:100%;--awb-margin-top-large:0px;--awb-spacing-right-large:0px;--awb-margin-bottom-large:20px;--awb-spacing-left-large:0px;--awb-width-medium:100%;--awb-spacing-right-medium:0px;--awb-spacing-left-medium:0px;--awb-width-small:100%;--awb-spacing-right-small:0px;--awb-spacing-left-small:0px;\"><div class=\"fusion-column-wrapper fusion-column-has-shadow fusion-flex-justify-content-flex-start fusion-content-layout-column\"><div class=\"fusion-title title fusion-title-1 fusion-sep-none fusion-title-text fusion-title-size-one\"><h1 class=\"fusion-title-heading title-heading-left fusion-responsive-typography-calculated\" style=\"margin:0;--fontSize:28;line-height:1.4;\">Formation professionnelle en tant que Profil de sp\u00e9cialiste de la migration<\/h1><\/div><div class=\"fusion-text fusion-text-1\"><p>Les t\u00e2ches dans le secteur de l&rsquo;asile et de la migration sont devenues de plus en plus complexes ces derni\u00e8res ann\u00e9es, rendant la professionnalisation et la uniformisation des comp\u00e9tences essentielles. L&rsquo;examen professionnel de sp\u00e9cialiste en migration et les cours qui le pr\u00e9parent permettent une formation compl\u00e8te et solide et l&rsquo;acquisition d&rsquo;une qualification professionnelle reconnue au niveau f\u00e9d\u00e9ral au niveau tertiaire.<\/p>\n<\/div><\/div><\/div><\/div><\/div><div class=\"fusion-fullwidth fullwidth-box fusion-builder-row-2 fusion-flex-container nonhundred-percent-fullwidth non-hundred-percent-height-scrolling\" style=\"--awb-border-radius-top-left:0px;--awb-border-radius-top-right:0px;--awb-border-radius-bottom-right:0px;--awb-border-radius-bottom-left:0px;--awb-flex-wrap:wrap;\" ><div class=\"fusion-builder-row fusion-row fusion-flex-align-items-flex-start fusion-flex-content-wrap\" style=\"max-width:calc( 1100px + 0px );margin-left: calc(-0px \/ 2 );margin-right: calc(-0px \/ 2 );\"><div class=\"fusion-layout-column fusion_builder_column fusion-builder-column-1 fusion_builder_column_1_1 1_1 fusion-flex-column\" style=\"--awb-bg-size:cover;--awb-width-large:100%;--awb-margin-top-large:0px;--awb-spacing-right-large:0px;--awb-margin-bottom-large:20px;--awb-spacing-left-large:0px;--awb-width-medium:100%;--awb-spacing-right-medium:0px;--awb-spacing-left-medium:0px;--awb-width-small:100%;--awb-spacing-right-small:0px;--awb-spacing-left-small:0px;\"><div class=\"fusion-column-wrapper fusion-column-has-shadow fusion-flex-justify-content-flex-start fusion-content-layout-column\"><div class=\"fusion-title title fusion-title-2 fusion-sep-none fusion-title-text fusion-title-size-two\"><h2 class=\"fusion-title-heading title-heading-left fusion-responsive-typography-calculated\" style=\"margin:0;--fontSize:20;--minFontSize:20;line-height:1.4;\">Description de la profession des sp\u00e9cialistes de la migration<\/h2><\/div><div class=\"fusion-text fusion-text-2\"><h5>Les sp\u00e9cialistes des migrations s\u2019occupent des personnes issues de l\u2019immigration et les accompagnent. Ils les conseillent sur les questions juridiques et sociales et les soutiennent dans leur int\u00e9gration dans les structures sociales.<\/h5>\n<p>Les sp\u00e9cialistes des migrations travaillent dans des institutions qui s\u2019occupent, conseillent et soutiennent professionnellement les demandeurs d\u2019asile, les r\u00e9fugi\u00e9s et les membres d\u2019autres groupes de migrants ayant besoin d\u2019un soutien. Il s\u2019agit notamment des centres d\u2019accueil, des centres de transit ou des logements pour demandeurs d\u2019asile, ainsi que des programmes d\u2019emploi et de formation et des centres publics ou priv\u00e9s d\u2019information, de conseil et d\u2019int\u00e9gration. Les t\u00e2ches des sp\u00e9cialistes des migrations sont donc tr\u00e8s diverses.<\/p>\n<p>Les conseils et le soutien portent souvent sur des questions juridiques. Les sp\u00e9cialistes des migrations doivent donc conna\u00eetre les dispositions l\u00e9gales pertinentes, les bureaux et autorit\u00e9s responsables et les proc\u00e9dures habituelles. Ils conseillent les personnes concern\u00e9es de mani\u00e8re comp\u00e9tente, compr\u00e9hensible et r\u00e9aliste sur leurs droits et obligations et les aident \u00e0 soumettre leurs pr\u00e9occupations sous la forme correcte et au bon endroit. Par exemple, ils clarifient les demandes financi\u00e8res, discutent des questions relatives au droit d\u2019asile, au droit du travail ou \u00e0 la s\u00e9curit\u00e9 sociale et r\u00e9digent les demandes.<\/p>\n<p>Dans leur travail d\u2019int\u00e9gration, les sp\u00e9cialistes de la migration sont constamment confront\u00e9s \u00e0 des situations difficiles, \u00e0 des processus dynamiques de groupe et \u00e0 des codes et id\u00e9es culturels diff\u00e9rents. L\u2019ouverture, l\u2019empathie et le respect de l\u2019alt\u00e9rit\u00e9 sont des caract\u00e9ristiques importantes des professionnels de la migration. Car ils construisent des ponts entre les cultures et tentent de pr\u00e9venir la discrimination. En outre, les experts en migration doivent \u00eatre capables de reconna\u00eetre \u00e0 temps les conflits imminents, de prendre des mesures pr\u00e9ventives ou d\u2019intervenir de mani\u00e8re appropri\u00e9e en cas d\u2019escalade. Dans leur travail d\u2019int\u00e9gration, ils utilisent leurs comp\u00e9tences en mati\u00e8re de communication pour servir de m\u00e9diateurs entre les personnes issues de l\u2019immigration et les autorit\u00e9s, le voisinage, le public et les experts, d\u2019une mani\u00e8re adapt\u00e9e au sujet et au destinataire. Il est \u00e9galement important d\u2019\u00e9valuer correctement quand il faut faire appel \u00e0 des sp\u00e9cialistes m\u00e9dicaux, psychologiques, policiers ou autres.<\/p>\n<p>Les sp\u00e9cialistes de la migration organisent, g\u00e8rent et exploitent des \u00e9tablissements d\u2019h\u00e9bergement et autres dans le domaine des soins et de l\u2019int\u00e9gration. Ce faisant, ils sont guid\u00e9s par des principes de gestion d\u2019entreprise et travaillent en \u00e9quipe. En tant que membres d\u2019une \u00e9quipe, ils travaillent \u00e9galement en \u00e9troite collaboration avec les autorit\u00e9s, les travailleurs sociaux, les psychologues, les avocats, les interpr\u00e8tes, les m\u00e9decins et d\u2019autres sp\u00e9cialistes.<\/p>\n<\/div><\/div><\/div><\/div><\/div><div class=\"fusion-fullwidth fullwidth-box fusion-builder-row-3 fusion-flex-container nonhundred-percent-fullwidth non-hundred-percent-height-scrolling\" style=\"--awb-border-radius-top-left:0px;--awb-border-radius-top-right:0px;--awb-border-radius-bottom-right:0px;--awb-border-radius-bottom-left:0px;--awb-flex-wrap:wrap;\" ><div class=\"fusion-builder-row fusion-row fusion-flex-align-items-flex-start fusion-flex-content-wrap\" style=\"max-width:calc( 1100px + 0px );margin-left: calc(-0px \/ 2 );margin-right: calc(-0px \/ 2 );\"><div class=\"fusion-layout-column fusion_builder_column fusion-builder-column-2 fusion_builder_column_1_1 1_1 fusion-flex-column\" style=\"--awb-bg-size:cover;--awb-width-large:100%;--awb-margin-top-large:0px;--awb-spacing-right-large:0px;--awb-margin-bottom-large:20px;--awb-spacing-left-large:0px;--awb-width-medium:100%;--awb-spacing-right-medium:0px;--awb-spacing-left-medium:0px;--awb-width-small:100%;--awb-spacing-right-small:0px;--awb-spacing-left-small:0px;\"><div class=\"fusion-column-wrapper fusion-column-has-shadow fusion-flex-justify-content-flex-start fusion-content-layout-column\"><div class=\"fusion-title title fusion-title-3 fusion-sep-none fusion-title-text fusion-title-size-two\"><h2 class=\"fusion-title-heading title-heading-left fusion-responsive-typography-calculated\" style=\"margin:0;--fontSize:20;--minFontSize:20;line-height:1.4;\">Formation et accr\u00e9ditation<\/h2><\/div><div class=\"fusion-text fusion-text-3\"><h5>Sp\u00e9cialiste des migrations: une profession reconnue au niveau f\u00e9d\u00e9ral depuis 2008<\/h5>\n<p>Les t\u00e2ches dans le secteur de l&rsquo;asile et de la migration sont devenues de plus en plus complexes ces derni\u00e8res ann\u00e9es, rendant la professionnalisation et la standardisation des comp\u00e9tences essentielles. L&rsquo;examen professionnel de sp\u00e9cialiste en migration et les cours qui le pr\u00e9parent offrent une formation compl\u00e8te et solide pour l&rsquo;acquisition d&rsquo;une qualification professionnelle reconnue au niveau f\u00e9d\u00e9ral au niveau tertiaire.<\/p>\n<\/div><\/div><\/div><\/div><\/div><div class=\"fusion-fullwidth fullwidth-box fusion-builder-row-4 fusion-flex-container nonhundred-percent-fullwidth non-hundred-percent-height-scrolling\" style=\"--awb-border-radius-top-left:0px;--awb-border-radius-top-right:0px;--awb-border-radius-bottom-right:0px;--awb-border-radius-bottom-left:0px;--awb-flex-wrap:wrap;\" ><div class=\"fusion-builder-row fusion-row fusion-flex-align-items-flex-start fusion-flex-content-wrap\" style=\"max-width:calc( 1100px + 0px );margin-left: calc(-0px \/ 2 );margin-right: calc(-0px \/ 2 );\"><div class=\"fusion-layout-column fusion_builder_column fusion-builder-column-3 fusion_builder_column_1_1 1_1 fusion-flex-column\" style=\"--awb-bg-size:cover;--awb-width-large:100%;--awb-margin-top-large:0px;--awb-spacing-right-large:0px;--awb-margin-bottom-large:20px;--awb-spacing-left-large:0px;--awb-width-medium:100%;--awb-spacing-right-medium:0px;--awb-spacing-left-medium:0px;--awb-width-small:100%;--awb-spacing-right-small:0px;--awb-spacing-left-small:0px;\"><div class=\"fusion-column-wrapper fusion-column-has-shadow fusion-flex-justify-content-flex-start fusion-content-layout-column\"><div class=\"fusion-title title fusion-title-4 fusion-sep-none fusion-title-text fusion-title-size-one\"><h1 class=\"fusion-title-heading title-heading-left fusion-responsive-typography-calculated\" style=\"margin:0;--fontSize:28;line-height:1.4;\"><h2>\u00c9coles &amp; \u00e9tablissements d&rsquo;enseignement<\/h2><\/h1><\/div><div class=\"fusion-text fusion-text-4\" style=\"--awb-text-transform:none;\"><p>Les \u00e9coles suivantes proposent des cours qui pr\u00e9parent les \u00e9tudiants \u00e0 l&rsquo;examen professionnel des sp\u00e9cialistes de la migration.<\/p>\n<h5>Cours pr\u00e9paratoire en fran\u00e7ais<\/h5>\n<p>Formation organis\u00e9 \u00e0 Tramelan par\u00a0<a href=\"http:\/\/www.cip-tramelan.ch\">www.cip-tramelan.ch<\/a><br \/>Formation organis\u00e9 \u00e0 Lausanne par\u00a0<a href=\"http:\/\/www.partenaire-formation.ch\" target=\"_blank\" rel=\"noopener noreferrer\">www.partenaire-formation.ch<\/a><br \/>Formation organis\u00e9 \u00e0 Sion par\u00a0\u00a0<a href=\"http:\/\/www.cvpc.ch\">www.cvpc.ch<\/a><br \/>Formation organis\u00e9 \u00e0 Gen\u00e8ve par\u00a0\u00a0<a href=\"http:\/\/www.ifage.ch\" target=\"_blank\" rel=\"noopener noreferrer\">www.ifage.ch<\/a><\/p>\n<h5>Vorbereitungslehrgang in Deutsch<\/h5>\n<p>Kurs in Biel organisiert von\u00a0<a href=\"http:\/\/www.bfb-bielbienne.ch\" target=\"_blank\" rel=\"noopener noreferrer\">www.bfb-bielbienne.ch<\/a><br \/>Kurs in Z\u00fcrich organisiert von\u00a0<a href=\"http:\/\/www.sozialbegleitung.ch\" target=\"_blank\" rel=\"noopener noreferrer\">www.sozialbegleitung.ch<\/a><\/p>\n<h5>Corso preparatorio in italiano<\/h5>\n<p>Formazione organizzata in Bellinzona-Camorino\u00a0<a href=\"https:\/\/www4.ti.ch\/decs\/dfp\/ufci\/ifc\/formazione-profsuperiore\/specialista-della-migrazione\/\" target=\"_blank\" rel=\"noopener noreferrer\">www4.ti.ch<\/a><\/p>\n<\/div><\/div><\/div><div class=\"fusion-layout-column fusion_builder_column fusion-builder-column-4 fusion_builder_column_1_1 1_1 fusion-flex-column\" style=\"--awb-bg-size:cover;--awb-width-large:100%;--awb-margin-top-large:0px;--awb-spacing-right-large:0px;--awb-margin-bottom-large:20px;--awb-spacing-left-large:0px;--awb-width-medium:100%;--awb-spacing-right-medium:0px;--awb-spacing-left-medium:0px;--awb-width-small:100%;--awb-spacing-right-small:0px;--awb-spacing-left-small:0px;\"><div class=\"fusion-column-wrapper fusion-column-has-shadow fusion-flex-justify-content-flex-start fusion-content-layout-column\"><div class=\"fusion-title title fusion-title-5 fusion-sep-none fusion-title-text fusion-title-size-two\"><h2 class=\"fusion-title-heading title-heading-left fusion-responsive-typography-calculated\" style=\"margin:0;--fontSize:20;--minFontSize:20;line-height:1.4;\">Examen professionnel<\/h2><\/div><div class=\"fusion-text fusion-text-5\"><h5>L&rsquo;examen professionnel d\u00e9termine si les comp\u00e9tences et les connaissances n\u00e9cessaires sont disponibles pour remplir les t\u00e2ches exigeantes d&rsquo;un sp\u00e9cialiste des migrations.<\/h5>\n<p>Apr\u00e8s avoir r\u00e9ussi l&rsquo;examen professionnel, le SERFI (Secr\u00e9tariat d&rsquo;\u00c9tat \u00e0 la formation professionnelle, \u00e0 la recherche et \u00e0 l&rsquo;innovation) d\u00e9livre le certificat f\u00e9d\u00e9ral de sp\u00e9cialiste en migration.<\/p>\n<h5>Les comp\u00e9tences suivantes sont d\u00e9montr\u00e9es en d\u00e9tail lors de l&rsquo;examen:<\/h5>\n<\/p>\n<ul>\n<li>Les connaissances sp\u00e9cialis\u00e9es et la capacit\u00e9 \u00e0 conseiller, soutenir, promouvoir et prendre en charge de mani\u00e8re ind\u00e9pendante les demandeurs d&rsquo;asile, les r\u00e9fugi\u00e9s et les autres membres de groupes de migrants en tant qu&rsquo;individus, familles ou groupes au nom des autorit\u00e9s sur la base de bases juridiques appropri\u00e9es. L&rsquo;objectif est l&rsquo;int\u00e9gration.<\/li>\n<li>organiser, g\u00e9rer et faire fonctionner une unit\u00e9 op\u00e9rationnelle dans le domaine du soutien et de l&rsquo;int\u00e9gration avec une \u00e9quipe<\/li>\n<li>de rendre des comptes aux pouvoirs adjudicateurs et aux bailleurs de fonds des institutions.<\/li>\n<li>informer le public et, en consultation et en coop\u00e9ration avec les autorit\u00e9s comp\u00e9tentes, promouvoir la compr\u00e9hension des questions relatives aux migrations, \u00e0 l&rsquo;asile et aux r\u00e9fugi\u00e9s au sein de la population d&rsquo;accueil.<\/li>\n<li>de coordonner et de servir de m\u00e9diateur entre les diff\u00e9rentes parties prenantes Il s&rsquo;agit de la population, des employeurs, de l&rsquo;administration locale, des autorit\u00e9s du march\u00e9 du travail, des groupes de b\u00e9n\u00e9voles, du syst\u00e8me d&rsquo;assistance m\u00e9dicale et sociale, des \u00e9coles et de la formation professionnelle, de la police et de la justice.<\/li>\n<li>de travailler de mani\u00e8re ind\u00e9pendante et\/ou en coop\u00e9ration avec une \u00e9quipe<\/li>\n<li>d&rsquo;assumer la responsabilit\u00e9 de la gestion et de l&rsquo;ex\u00e9cution en fonction du niveau fonctionnel.<\/li>\n<\/ul>\n<h3>Inscription \u00e0 l&rsquo;examen professionnel<\/h3>\n<p>Vous trouverez les d\u00e9tails concernant l&rsquo;inscription au prochain examen professionnel sur le site <a href=\"http:\/\/www.fachperson-migration.ch\">www.fachperson-migration.ch<\/a>.<\/p>\n<h3>l&rsquo;admission \u00e0 l&rsquo;examen<\/h3>\n<p>Pour \u00eatre admis \u00e0 l&rsquo;examen professionnel, vous devez remplir les conditions suivantes:<\/p>\n<ul>\n<li>Un certificat f\u00e9d\u00e9ral de capacit\u00e9, un dipl\u00f4me d&rsquo;\u00e9tudes secondaires, le dipl\u00f4me d&rsquo;un \u00e9tablissement d&rsquo;enseignement secondaire professionnel ou sp\u00e9cialis\u00e9, un dipl\u00f4me d&rsquo;\u00e9tudes secondaires ou un certificat \u00e9quivalent.<\/li>\n<li>Preuve d&rsquo;une exp\u00e9rience pratique d&rsquo;au moins 2 ans dans le domaine de l&rsquo;asile et de la migration avec un taux d&#8217;emploi d&rsquo;au moins 50%.<\/li>\n<li>Toute personne pouvant prouver une exp\u00e9rience pratique d&rsquo;au moins 5 ans dans le domaine de l&rsquo;asile et de la migration avec un taux d&#8217;emploi d&rsquo;au moins 50% est \u00e9galement admise \u00e0 l&rsquo;examen.<\/li>\n<li>Soumettre l&rsquo;\u00e9preuve d&rsquo;examen en temps voulu.<\/li>\n<li>La taxe d&rsquo;examen est pay\u00e9e en temps voulu.<\/li>\n<\/ul>\n<p>L&rsquo;OFFT d\u00e9cide de l&rsquo;\u00e9quivalence des qualifications et dipl\u00f4mes \u00e9trangers. La d\u00e9cision d&rsquo;admission \u00e0 l&rsquo;examen est communiqu\u00e9e au candidat par \u00e9crit au moins trois mois avant le d\u00e9but de l&rsquo;examen. Vous trouverez de plus amples informations sur l&rsquo;examen professionnel sur les sites <a href=\"http:\/\/www.fachperson-migration.ch\">www.fachperson-migration.ch<\/a> ou <a href=\"http:\/\/www.specialiste-migration.ch\">www.specialiste-migration.ch<\/a>.<\/p>\n<\/div><\/div><\/div><\/div><\/div><div class=\"fusion-fullwidth fullwidth-box fusion-builder-row-5 fusion-flex-container nonhundred-percent-fullwidth non-hundred-percent-height-scrolling\" style=\"--awb-border-radius-top-left:0px;--awb-border-radius-top-right:0px;--awb-border-radius-bottom-right:0px;--awb-border-radius-bottom-left:0px;--awb-flex-wrap:wrap;\" ><div class=\"fusion-builder-row fusion-row fusion-flex-align-items-flex-start fusion-flex-content-wrap\" style=\"max-width:calc( 1100px + 0px );margin-left: calc(-0px \/ 2 );margin-right: calc(-0px \/ 2 );\"><div class=\"fusion-layout-column fusion_builder_column fusion-builder-column-5 fusion_builder_column_1_1 1_1 fusion-flex-column\" style=\"--awb-bg-size:cover;--awb-width-large:100%;--awb-margin-top-large:0px;--awb-spacing-right-large:0px;--awb-margin-bottom-large:20px;--awb-spacing-left-large:0px;--awb-width-medium:100%;--awb-spacing-right-medium:0px;--awb-spacing-left-medium:0px;--awb-width-small:100%;--awb-spacing-right-small:0px;--awb-spacing-left-small:0px;\"><div class=\"fusion-column-wrapper fusion-column-has-shadow fusion-flex-justify-content-flex-start fusion-content-layout-column\"><div class=\"fusion-title title fusion-title-6 fusion-sep-none fusion-title-text fusion-title-size-two\"><h2 class=\"fusion-title-heading title-heading-left fusion-responsive-typography-calculated\" style=\"margin:0;--fontSize:20;--minFontSize:20;line-height:1.4;\">Parrainage pour la profession de sp\u00e9cialiste des migrations<\/h2><\/div><div class=\"fusion-text fusion-text-6\"><h5>Les institutions suivantes sont responsables de la profession de sp\u00e9cialiste en migration reconnue au niveau f\u00e9d\u00e9ral. Le parrainage est responsable pour l&rsquo;ensemble de la Suisse.<\/h5>\n<p>Les d\u00e9cisions strat\u00e9giques sont prises par le parrainage. Chaque institution a des droits \u00e9gaux et est repr\u00e9sent\u00e9e par une personne d\u00e9l\u00e9gu\u00e9e. Chaque institution a \u00e9galement un repr\u00e9sentant au sein de la Commission d&rsquo;assurance qualit\u00e9 QSK, qui prend les d\u00e9cisions op\u00e9rationnelles concernant l&rsquo;examen professionnel. La planification et la mise en \u0153uvre de l&rsquo;examen professionnel sont d\u00e9l\u00e9gu\u00e9es au QSK et en particulier \u00e0 la direction de l&rsquo;audit nomm\u00e9e par le QSK. La QSK se compose d&rsquo;au moins cinq membres et est \u00e9lue par les parrains pour une p\u00e9riode de quatre ans. Ses t\u00e2ches sont d\u00e9finies dans le r\u00e8glement d&rsquo;examen. L&rsquo;association professionnelle migrationplus est repr\u00e9sent\u00e9e dans le parrainage par les membres du conseil d&rsquo;administration Anna Sutter (pr\u00e9sidente du parrainage) et Helen Gebert (membre de la QSK).<\/p>\n<\/div><\/div><\/div><\/div><\/div><\/p>\n","protected":false},"excerpt":{"rendered":"","protected":false},"author":1,"featured_media":0,"parent":0,"menu_order":6,"comment_status":"closed","ping_status":"closed","template":"","meta":{"footnotes":""},"class_list":["post-887","page","type-page","status-publish","hentry"],"_links":{"self":[{"href":"https:\/\/migrationplus.ch\/fr\/wp-json\/wp\/v2\/pages\/887","targetHints":{"allow":["GET"]}}],"collection":[{"href":"https:\/\/migrationplus.ch\/fr\/wp-json\/wp\/v2\/pages"}],"about":[{"href":"https:\/\/migrationplus.ch\/fr\/wp-json\/wp\/v2\/types\/page"}],"author":[{"embeddable":true,"href":"https:\/\/migrationplus.ch\/fr\/wp-json\/wp\/v2\/users\/1"}],"replies":[{"embeddable":true,"href":"https:\/\/migrationplus.ch\/fr\/wp-json\/wp\/v2\/comments?post=887"}],"version-history":[{"count":12,"href":"https:\/\/migrationplus.ch\/fr\/wp-json\/wp\/v2\/pages\/887\/revisions"}],"predecessor-version":[{"id":1686,"href":"https:\/\/migrationplus.ch\/fr\/wp-json\/wp\/v2\/pages\/887\/revisions\/1686"}],"wp:attachment":[{"href":"https:\/\/migrationplus.ch\/fr\/wp-json\/wp\/v2\/media?parent=887"}],"curies":[{"name":"wp","href":"https:\/\/api.w.org\/{rel}","templated":true}]}}