{"id":885,"date":"2020-02-28T07:27:33","date_gmt":"2020-02-28T06:27:33","guid":{"rendered":"http:\/\/migrationplus.ch\/pour-les-professionnels\/"},"modified":"2022-01-26T10:50:37","modified_gmt":"2022-01-26T09:50:37","slug":"pour-les-professionnels","status":"publish","type":"page","link":"https:\/\/migrationplus.ch\/fr\/pour-les-professionnels\/","title":{"rendered":"Pour les professionnels"},"content":{"rendered":"<p><div class=\"fusion-fullwidth fullwidth-box fusion-builder-row-1 fusion-flex-container nonhundred-percent-fullwidth non-hundred-percent-height-scrolling\" style=\"--awb-border-radius-top-left:0px;--awb-border-radius-top-right:0px;--awb-border-radius-bottom-right:0px;--awb-border-radius-bottom-left:0px;--awb-flex-wrap:wrap;\" ><div class=\"fusion-builder-row fusion-row fusion-flex-align-items-flex-start fusion-flex-content-wrap\" style=\"max-width:calc( 1100px + 0px );margin-left: calc(-0px \/ 2 );margin-right: calc(-0px \/ 2 );\"><div class=\"fusion-layout-column fusion_builder_column fusion-builder-column-0 fusion_builder_column_1_1 1_1 fusion-flex-column\" style=\"--awb-bg-size:cover;--awb-width-large:100%;--awb-margin-top-large:0px;--awb-spacing-right-large:0px;--awb-margin-bottom-large:20px;--awb-spacing-left-large:0px;--awb-width-medium:100%;--awb-spacing-right-medium:0px;--awb-spacing-left-medium:0px;--awb-width-small:100%;--awb-spacing-right-small:0px;--awb-spacing-left-small:0px;\"><div class=\"fusion-column-wrapper fusion-column-has-shadow fusion-flex-justify-content-flex-start fusion-content-layout-column\"><div class=\"fusion-title title fusion-title-1 fusion-sep-none fusion-title-text fusion-title-size-one\"><h1 class=\"fusion-title-heading title-heading-left fusion-responsive-typography-calculated\" style=\"margin:0;--fontSize:28;line-height:1.4;\">Informations pour les professionnels de la migration<\/h1><\/div><div class=\"fusion-text fusion-text-1\"><p><a href=\"https:\/\/rubenlippuner.ch\/mp\/fr\/a-propos-de-nous\/\" target=\"_blank\" rel=\"noopener noreferrer\">L\u2019association professionnelle migrationplus<\/a>\u00a0est une association de professionnels qui travaillent avec les migrants. Nous soutenons\u00a0<a href=\"https:\/\/rubenlippuner.ch\/mp\/fr\/appartenance\/\">nos membres\u00a0<\/a>dans leur travail avec leurs clients et leur fournissons des conseils. Les professionnels trouveront des informations utiles pour leur travail: des conf\u00e9rences et des pr\u00e9sentations passionnantes du domaine professionnel, des offres de formation continue et des conseils utiles sur la litt\u00e9rature. Vous avez une question pr\u00e9cise? Dans ce cas, veuillez nous contacter \u00e0 l\u2019adresse suivante:\u00a0<a href=\"mailto:info@migrationplus.ch\">info@migrationplus.ch<\/a>.<br \/>\nNous attendons votre message avec impatience.<\/p>\n<\/div><\/div><\/div><\/div><\/div><div class=\"fusion-fullwidth fullwidth-box fusion-builder-row-2 fusion-flex-container nonhundred-percent-fullwidth non-hundred-percent-height-scrolling\" style=\"--awb-border-radius-top-left:0px;--awb-border-radius-top-right:0px;--awb-border-radius-bottom-right:0px;--awb-border-radius-bottom-left:0px;--awb-flex-wrap:wrap;\" ><div class=\"fusion-builder-row fusion-row fusion-flex-align-items-flex-start fusion-flex-content-wrap\" style=\"max-width:calc( 1100px + 0px );margin-left: calc(-0px \/ 2 );margin-right: calc(-0px \/ 2 );\"><div class=\"fusion-layout-column fusion_builder_column fusion-builder-column-1 fusion_builder_column_1_1 1_1 fusion-flex-column\" style=\"--awb-bg-size:cover;--awb-width-large:100%;--awb-margin-top-large:0px;--awb-spacing-right-large:0px;--awb-margin-bottom-large:20px;--awb-spacing-left-large:0px;--awb-width-medium:100%;--awb-spacing-right-medium:0px;--awb-spacing-left-medium:0px;--awb-width-small:100%;--awb-spacing-right-small:0px;--awb-spacing-left-small:0px;\"><div class=\"fusion-column-wrapper fusion-column-has-shadow fusion-flex-justify-content-flex-start fusion-content-layout-column\"><div class=\"fusion-title title fusion-title-2 fusion-sep-none fusion-title-text fusion-title-size-two\"><h2 class=\"fusion-title-heading title-heading-left fusion-responsive-typography-calculated\" style=\"margin:0;--fontSize:20;--minFontSize:20;line-height:1.4;\">Conf\u00e9rences et expos\u00e9s<\/h2><\/div><div class=\"fusion-text fusion-text-2\"><p>Lors de conf\u00e9rences et de pr\u00e9sentations r\u00e9guli\u00e8res, nous fournissons des connaissances de base int\u00e9ressantes sur divers sujets dans le domaine de la migration et de l&rsquo;int\u00e9gration. D\u00e9couvrez nos prochains \u00e9v\u00e9nements et attendez-vous \u00e0 un dialogue passionnant avec vos coll\u00e8gues professionnels. Vous avez manqu\u00e9 une pr\u00e9sentation? Vous pouvez t\u00e9l\u00e9charger ici les pr\u00e9sentations et les lire chez vous.<\/p>\n<h3>T\u00e9l\u00e9charger en PDF<\/h3>\n<ul>\n<li><a href=\"https:\/\/migrationplus.ch\/wp-content\/uploads\/migrationplus_arbeitsmarktmodell_UNHCR_und_integration.pdf\" target=\"_blank\" rel=\"noopener noreferrer\">Int\u00e9gration sur le march\u00e9 du travail<\/a><\/li>\n<li><a href=\"https:\/\/migrationplus.ch\/wp-content\/uploads\/migrationplus_erfolgsmodell_supported_employment.pdf\" target=\"_blank\" rel=\"noopener noreferrer\">Mod\u00e8le de r\u00e9ussite Supported Employment<\/a><\/li>\n<li><a href=\"https:\/\/migrationplus.ch\/wp-content\/uploads\/migrationplus_freiwilligenarbeit_im_migrationsbereich.pdf\" target=\"_blank\" rel=\"noopener noreferrer\">Travail volontaire dans le domaine de la migration<\/a><\/li>\n<li><a href=\"https:\/\/migrationplus.ch\/wp-content\/uploads\/migrationplus_praesentation_das_resettlementprogramm_von_UNHCR-.pdf\" target=\"_blank\" rel=\"noopener noreferrer\">Le programme de r\u00e9installation du HCR<\/a><\/li>\n<li><a href=\"https:\/\/migrationplus.ch\/wp-content\/uploads\/migrationplus_tagung_fachverband_arbeit_migration_thema_migration_und_trauma.pdf\" target=\"_blank\" rel=\"noopener noreferrer\">Migration et traumatismes<\/a><\/li>\n<li><a href=\"https:\/\/migrationplus.ch\/wp-content\/uploads\/Kriegstraumatisierte_Fluechtlinge.pdf\" target=\"_blank\" rel=\"noopener noreferrer\">R\u00e9fugi\u00e9s traumatis\u00e9s par la guerre<\/a><\/li>\n<li><a href=\"https:\/\/migrationplus.ch\/wp-content\/uploads\/Arbeitsmarktintegration.pdf\">Int\u00e9gration sur le march\u00e9 du travail<\/a><\/li>\n<\/ul>\n<\/div><\/div><\/div><\/div><\/div><div class=\"fusion-fullwidth fullwidth-box fusion-builder-row-3 fusion-flex-container nonhundred-percent-fullwidth non-hundred-percent-height-scrolling\" style=\"--awb-border-radius-top-left:0px;--awb-border-radius-top-right:0px;--awb-border-radius-bottom-right:0px;--awb-border-radius-bottom-left:0px;--awb-flex-wrap:wrap;\" ><div class=\"fusion-builder-row fusion-row fusion-flex-align-items-flex-start fusion-flex-content-wrap\" style=\"max-width:calc( 1100px + 0px );margin-left: calc(-0px \/ 2 );margin-right: calc(-0px \/ 2 );\"><div class=\"fusion-layout-column fusion_builder_column fusion-builder-column-2 fusion_builder_column_1_1 1_1 fusion-flex-column\" style=\"--awb-bg-size:cover;--awb-width-large:100%;--awb-margin-top-large:0px;--awb-spacing-right-large:0px;--awb-margin-bottom-large:20px;--awb-spacing-left-large:0px;--awb-width-medium:100%;--awb-spacing-right-medium:0px;--awb-spacing-left-medium:0px;--awb-width-small:100%;--awb-spacing-right-small:0px;--awb-spacing-left-small:0px;\"><div class=\"fusion-column-wrapper fusion-column-has-shadow fusion-flex-justify-content-flex-start fusion-content-layout-column\"><div class=\"fusion-title title fusion-title-3 fusion-sep-none fusion-title-text fusion-title-size-one\"><h1 class=\"fusion-title-heading title-heading-left fusion-responsive-typography-calculated\" style=\"margin:0;--fontSize:28;line-height:1.4;\"><h2>Conseil litt\u00e9raire &amp; films<\/h2><\/h1><\/div><div class=\"fusion-text fusion-text-3\"><p>Nous avons compil\u00e9 pour vous quelques conseils passionnants en mati\u00e8re de litt\u00e9rature. Vous trouverez ci-dessous des ouvrages actuels et \u00e9tablis sur le th\u00e8me de la migration et de l&rsquo;int\u00e9gration.<\/p>\n<ul>\n<li><a href=\"http:\/\/www.westendverlag.de\/buch\/2850-kilometer\/#.VvUs5-LhDIV\" target=\"_blank\" rel=\"noopener noreferrer\">2850 kilom\u00e8tres \u2013 Mohamed, Jerry et moi sur la route en Afrique<\/a>. Journal d\u2019une \u00e9vasion von Miriam Fassbender<\/li>\n<li><a href=\"http:\/\/www.peripherfilm.de\/fremd\/#trailer\" target=\"_blank\" rel=\"noopener noreferrer\">Conseil du film: \u00abStranger\u00bb<\/a>\u00a0de Miriam Fassbender. Le film d\u00e9crit le d\u00e9part d\u2019un jeune peintre vers l\u2019Europe dict\u00e9 par la mis\u00e8re. Il cherche les motifs de cette fuite et donne un aper\u00e7u des conditions de vie et du quotidien \u00e9reintant des migrants en route d\u2019Afrique noire vers l\u2019Europe.<\/li>\n<li><a href=\"https:\/\/migrationplus.ch\/wp-content\/uploads\/studie_ausscheiden_asylsystem_d.pdf\" target=\"_blank\" rel=\"noopener noreferrer\">Etude sur les personnes quittant le syst\u00e8me d\u2019asile\u00a0<\/a>par la Commission f\u00e9d\u00e9rale des migrations (CFM)<\/li>\n<li><a href=\"https:\/\/migrationplus.ch\/wp-content\/uploads\/kurzbericht_ausscheiden_asylsystem.pdf\" target=\"_blank\" rel=\"noopener noreferrer\">Bref rapport sur les personnes quittant le syst\u00e8me d\u2019asile\u00a0<\/a>par la Commission f\u00e9d\u00e9rale des migrations (CFM)<\/li>\n<li><a href=\"https:\/\/migrationplus.ch\/wp-content\/uploads\/empfehlungen_ausscheiden_asylsystem.pdf\">Recommandations de la Commission f\u00e9d\u00e9rale des migrations (CFM) concernant les personnes quittant le syst\u00e8me d\u2019asile<\/a><\/li>\n<li><a href=\"https:\/\/interact-verlag.ch\/products\/soziale-arbeit-fachbuecher-neu-grund-und-menschenrechte-in-der-sozialhilfe-ein-leitfaden-fur-die-praxis\" target=\"_blank\" rel=\"noopener noreferrer\">Droits fondamentaux et droits de l\u2019homme dans l\u2019assistance sociale \u2013 Guide de la pratique<\/a>\u00a0du G\u00fclcan Accaya<\/li>\n<li><a href=\"https:\/\/www.schulthess.com\/buchshop\/detail\/ISBN-9783280072721\/Fassbind-Patrick\/Erwachsenenschutz?bpmlang=fr\" target=\"_blank\" rel=\"noopener noreferrer\">La protection des adultes<\/a>\u00a0par Patrick Fassbind (Orell F\u00fcessli)<\/li>\n<li><a href=\"https:\/\/www.amazon.de\/Betriebswirtschaftslehre-Sozialwesen-betriebswirtschaftliches-Gesundheitsbereich-Grundlagentexte\/dp\/3779919583\" target=\"_blank\" rel=\"noopener noreferrer\">Gestion d\u2019entreprises pour les affaires sociales: Une introduction \u00e0 la pens\u00e9e \u00e9conomique dans le secteur social et des soins de sant\u00e9 (textes de base sur les professions sociales)\u00a0<\/a>par Arnold Pracht<\/li>\n<\/ul>\n<\/div><\/div><\/div><\/div><\/div><div class=\"fusion-fullwidth fullwidth-box fusion-builder-row-4 fusion-flex-container nonhundred-percent-fullwidth non-hundred-percent-height-scrolling\" style=\"--awb-border-radius-top-left:0px;--awb-border-radius-top-right:0px;--awb-border-radius-bottom-right:0px;--awb-border-radius-bottom-left:0px;--awb-flex-wrap:wrap;\" ><div class=\"fusion-builder-row fusion-row fusion-flex-align-items-flex-start fusion-flex-content-wrap\" style=\"max-width:calc( 1100px + 0px );margin-left: calc(-0px \/ 2 );margin-right: calc(-0px \/ 2 );\"><div class=\"fusion-layout-column fusion_builder_column fusion-builder-column-3 fusion_builder_column_1_1 1_1 fusion-flex-column\" style=\"--awb-bg-size:cover;--awb-width-large:100%;--awb-margin-top-large:0px;--awb-spacing-right-large:0px;--awb-margin-bottom-large:20px;--awb-spacing-left-large:0px;--awb-width-medium:100%;--awb-spacing-right-medium:0px;--awb-spacing-left-medium:0px;--awb-width-small:100%;--awb-spacing-right-small:0px;--awb-spacing-left-small:0px;\"><div class=\"fusion-column-wrapper fusion-column-has-shadow fusion-flex-justify-content-flex-start fusion-content-layout-column\"><div class=\"fusion-title title fusion-title-4 fusion-sep-none fusion-title-text fusion-title-size-one\"><h1 class=\"fusion-title-heading title-heading-left fusion-responsive-typography-calculated\" style=\"margin:0;--fontSize:28;line-height:1.4;\"><h2>Mise en r\u00e9seau des institutions charg\u00e9es des migrations<\/h2><\/h1><\/div><div class=\"fusion-text fusion-text-4\"><p>L&rsquo;une des principales t\u00e2ches de l&rsquo;association professionnelle migrationplus est de promouvoir la mise en r\u00e9seau professionnelle des institutions nationales dans le domaine de la migration et de l&rsquo;int\u00e9gration. Nous cultivons le dialogue et, gr\u00e2ce \u00e0 notre communication ouverte, nous favorisons \u00e9galement la compr\u00e9hension du contenu et des dessous de nos activit\u00e9s dans le monde politique et le public. Vous pouvez trouver plus d&rsquo;informations sur nos activit\u00e9s dans <a href=\"https:\/\/migrationplus.ch\/wp-content\/uploads\/Rahmenbedingungen_Regionen.pdf\">les conditions-cadres de migrationplus<\/a>.<\/p>\n<h3>R\u00e9gion de Zurich<\/h3>\n<p>Le 25 mars 2015, le Conseil de gouvernement du canton de Zurich a adopt\u00e9 la strat\u00e9gie pour l&rsquo;utilisation de l&rsquo;allocation d&rsquo;int\u00e9gration pour les r\u00e9fugi\u00e9s admis provisoirement et reconnus (d\u00e9termination).<\/p>\n<ul>\n<li><a href=\"https:\/\/www.zh.ch\/content\/internet\/de\/aktuell\/rrb\/suche.detail.C12574C2002FAA1FC1257E0B0044DBEB.html\">Texte de la r\u00e9solution Canton de Zurich<\/a><\/li>\n<\/ul>\n<p>Si vous avez des questions sur le travail dans la r\u00e9gion de Zurich, veuillez contacter Michelle Honegger (<a href=\"mhoegger@sdaffoltern.ch\">mhoegger@sdaffoltern.ch<\/a>).<\/p>\n<\/div><\/div><\/div><\/div><\/div><\/p>\n","protected":false},"excerpt":{"rendered":"","protected":false},"author":1,"featured_media":0,"parent":0,"menu_order":12,"comment_status":"closed","ping_status":"closed","template":"","meta":{"footnotes":""},"class_list":["post-885","page","type-page","status-publish","hentry"],"_links":{"self":[{"href":"https:\/\/migrationplus.ch\/fr\/wp-json\/wp\/v2\/pages\/885","targetHints":{"allow":["GET"]}}],"collection":[{"href":"https:\/\/migrationplus.ch\/fr\/wp-json\/wp\/v2\/pages"}],"about":[{"href":"https:\/\/migrationplus.ch\/fr\/wp-json\/wp\/v2\/types\/page"}],"author":[{"embeddable":true,"href":"https:\/\/migrationplus.ch\/fr\/wp-json\/wp\/v2\/users\/1"}],"replies":[{"embeddable":true,"href":"https:\/\/migrationplus.ch\/fr\/wp-json\/wp\/v2\/comments?post=885"}],"version-history":[{"count":5,"href":"https:\/\/migrationplus.ch\/fr\/wp-json\/wp\/v2\/pages\/885\/revisions"}],"predecessor-version":[{"id":1369,"href":"https:\/\/migrationplus.ch\/fr\/wp-json\/wp\/v2\/pages\/885\/revisions\/1369"}],"wp:attachment":[{"href":"https:\/\/migrationplus.ch\/fr\/wp-json\/wp\/v2\/media?parent=885"}],"curies":[{"name":"wp","href":"https:\/\/api.w.org\/{rel}","templated":true}]}}